{"id":86,"date":"2017-12-22T22:01:41","date_gmt":"2017-12-22T21:01:41","guid":{"rendered":"http:\/\/rothemund.de\/wordpress\/?page_id=86"},"modified":"2017-12-22T22:01:41","modified_gmt":"2017-12-22T21:01:41","slug":"notdienst","status":"publish","type":"page","link":"https:\/\/rothemund.de\/wordpress\/dienstleistungen\/heizung\/notdienst\/","title":{"rendered":"Notdienst"},"content":{"rendered":"<p>Wir sind auch im ung\u00fcnstigen Fall f\u00fcr Sie erreichbar.<\/p>\n<p>Ob Rohrbruch oder Heizungsst\u00f6rung &#8211; wir k\u00fcmmern uns darum.<\/p>\n<p><b>Notdienst-Rufnummer: 0 92 83 \/ 10 50<\/b><\/p>\n","protected":false},"excerpt":{"rendered":"<p>Wir sind auch im ung\u00fcnstigen Fall f\u00fcr Sie erreichbar. Ob Rohrbruch oder Heizungsst\u00f6rung &#8211; wir k\u00fcmmern uns darum. Notdienst-Rufnummer: 0 92 83 \/ 10 50<\/p>\n","protected":false},"author":1,"featured_media":0,"parent":21,"menu_order":0,"comment_status":"closed","ping_status":"closed","template":"","meta":{"footnotes":""},"class_list":["post-86","page","type-page","status-publish","hentry"],"_links":{"self":[{"href":"https:\/\/rothemund.de\/wordpress\/wp-json\/wp\/v2\/pages\/86","targetHints":{"allow":["GET"]}}],"collection":[{"href":"https:\/\/rothemund.de\/wordpress\/wp-json\/wp\/v2\/pages"}],"about":[{"href":"https:\/\/rothemund.de\/wordpress\/wp-json\/wp\/v2\/types\/page"}],"author":[{"embeddable":true,"href":"https:\/\/rothemund.de\/wordpress\/wp-json\/wp\/v2\/users\/1"}],"replies":[{"embeddable":true,"href":"https:\/\/rothemund.de\/wordpress\/wp-json\/wp\/v2\/comments?post=86"}],"version-history":[{"count":1,"href":"https:\/\/rothemund.de\/wordpress\/wp-json\/wp\/v2\/pages\/86\/revisions"}],"predecessor-version":[{"id":87,"href":"https:\/\/rothemund.de\/wordpress\/wp-json\/wp\/v2\/pages\/86\/revisions\/87"}],"up":[{"embeddable":true,"href":"https:\/\/rothemund.de\/wordpress\/wp-json\/wp\/v2\/pages\/21"}],"wp:attachment":[{"href":"https:\/\/rothemund.de\/wordpress\/wp-json\/wp\/v2\/media?parent=86"}],"curies":[{"name":"wp","href":"https:\/\/api.w.org\/{rel}","templated":true}]}}