{"id":39,"date":"2017-12-22T21:26:56","date_gmt":"2017-12-22T20:26:56","guid":{"rendered":"http:\/\/rothemund.de\/wordpress\/?page_id=39"},"modified":"2017-12-31T13:40:04","modified_gmt":"2017-12-31T12:40:04","slug":"dusch-wc","status":"publish","type":"page","link":"https:\/\/rothemund.de\/wordpress\/dienstleistungen\/bad-wellness\/dusch-wc\/","title":{"rendered":"Dusch-WC"},"content":{"rendered":"<div id=\"pl-39\"  class=\"panel-layout\" ><div id=\"pg-39-0\"  class=\"panel-grid panel-no-style\" ><div id=\"pgc-39-0-0\"  class=\"panel-grid-cell\" ><div id=\"panel-39-0-0-0\" class=\"so-panel widget widget_text panel-first-child panel-last-child\" data-index=\"0\" ><h3 class=\"widget-title\">Geberit Dusch-WC<\/h3>\t\t\t<div class=\"textwidget\"><div class=\"textwidget\">\n<p>Ein Dusch-WC vereint die Funktion einer Toilette und die Reinigungsm\u00f6glichkeit eines Bidets. Das ist nicht nur platzsparend, sondern auch komfortabel: Sie bleiben einfach bequem auf dem WC sitzen und starten die eingebaute Duschfunktion per Knopfdruck. <img fetchpriority=\"high\" decoding=\"async\" fetchpriority=\"high\" class=\"size-medium wp-image-159 alignright\" src=\"http:\/\/rothemund.de\/wordpress\/wp-content\/uploads\/2017\/12\/geberitaquaclean_mera-300x172.jpg\" alt=\"\" width=\"300\" height=\"172\" srcset=\"https:\/\/rothemund.de\/wordpress\/wp-content\/uploads\/2017\/12\/geberitaquaclean_mera-300x172.jpg 300w, https:\/\/rothemund.de\/wordpress\/wp-content\/uploads\/2017\/12\/geberitaquaclean_mera.jpg 560w\" sizes=\"(max-width: 300px) 100vw, 300px\" \/><\/p>\n<p>Die Reinigung mit warmem Wasser ist gr\u00fcndlicher und schonender als mit WC-Papier und daher gerade f\u00fcr den empfindlichen Intimbereich ideal. Und das Beste: Sie f\u00fchlen sich nach jedem Dusch-WC-Besuch sauber und erfrischt.<\/p>\n<p>Die Dusch-WCs von Geberit AquaClean machen Ihr Bad zur Wellness-Oase.<\/p>\n<p>Je nach Modell verw\u00f6hnen Sie erfrischende Extras und zahlreiche zus\u00e4tzliche Funktionen: Die WhirlSpray-Duschtechnologie sorgt f\u00fcr eine massierend vitalisierende, gr\u00fcndlich-schonende und sparsame Reinigung mit warmem Wasser, das rasch und anhaltend zur Verf\u00fcgung steht. Die sanfte Ladydusche erm\u00f6glicht eine schonende und nat\u00fcrliche Intimhygiene f\u00fcr die Frau. Das Orientierungslicht f\u00fcr die Nacht und die angenehme Geruchsabsaugung sowie die praktische Fernbedienung, eine Fernbedienungs-App und das elegante Wandbedienpanel machen das Wohlf\u00fchlerlebnis mit Geberit AquaClean komplett.<\/p>\n<p><a href=\"https:\/\/www.geberit-aquaclean.de\/de_de\/home.html\">mehr\u2026<\/a><\/p>\n<p>Quelle Text und Bild: <a href=\"http:\/\/www.geberit-aquaclean.de\">www.geberit-aquaclean.de<\/a><\/p>\n<\/div>\n<\/div>\n\t\t<\/div><\/div><\/div><div id=\"pg-39-1\"  class=\"panel-grid panel-no-style\" ><div id=\"pgc-39-1-0\"  class=\"panel-grid-cell\" ><div id=\"panel-39-1-0-0\" class=\"so-panel widget widget_media_video panel-first-child panel-last-child\" data-index=\"1\" ><div style=\"width:100%;\" class=\"wp-video\"><!--[if lt IE 9]><script>document.createElement('video');<\/script><![endif]-->\n<video class=\"wp-video-shortcode\" id=\"video-39-1\" preload=\"metadata\" controls=\"controls\"><source type=\"video\/mp4\" src=\"https:\/\/rothemund.de\/wordpress\/wp-content\/uploads\/2017\/12\/videodb_2872_71254_2435794_16x9_hq.mp4?_=1\" \/><source type=\"video\/mp4\" src=\"http:\/\/rothemund.de\/wordpress\/wp-content\/uploads\/2017\/12\/videodb_2872_71254_2435794_16x9_hq.mp4?_=1\" \/><a href=\"https:\/\/rothemund.de\/wordpress\/wp-content\/uploads\/2017\/12\/videodb_2872_71254_2435794_16x9_hq.mp4\">https:\/\/rothemund.de\/wordpress\/wp-content\/uploads\/2017\/12\/videodb_2872_71254_2435794_16x9_hq.mp4<\/a><\/video><\/div><\/div><\/div><\/div><div id=\"pg-39-2\"  class=\"panel-grid panel-no-style\" ><div id=\"pgc-39-2-0\"  class=\"panel-grid-cell panel-grid-cell-empty\" ><\/div><\/div><\/div>","protected":false},"excerpt":{"rendered":"<p>Ein Dusch-WC vereint die Funktion einer Toilette und die Reinigungsm\u00f6glichkeit eines Bidets. Das ist nicht nur platzsparend, sondern auch komfortabel: Sie bleiben einfach bequem auf dem WC sitzen und starten die eingebaute Duschfunktion per Knopfdruck. Die Reinigung mit warmem Wasser ist gr\u00fcndlicher und schonender als mit WC-Papier und daher gerade [&hellip;]<\/p>\n","protected":false},"author":1,"featured_media":0,"parent":35,"menu_order":0,"comment_status":"closed","ping_status":"closed","template":"","meta":{"footnotes":""},"class_list":["post-39","page","type-page","status-publish","hentry"],"_links":{"self":[{"href":"https:\/\/rothemund.de\/wordpress\/wp-json\/wp\/v2\/pages\/39","targetHints":{"allow":["GET"]}}],"collection":[{"href":"https:\/\/rothemund.de\/wordpress\/wp-json\/wp\/v2\/pages"}],"about":[{"href":"https:\/\/rothemund.de\/wordpress\/wp-json\/wp\/v2\/types\/page"}],"author":[{"embeddable":true,"href":"https:\/\/rothemund.de\/wordpress\/wp-json\/wp\/v2\/users\/1"}],"replies":[{"embeddable":true,"href":"https:\/\/rothemund.de\/wordpress\/wp-json\/wp\/v2\/comments?post=39"}],"version-history":[{"count":3,"href":"https:\/\/rothemund.de\/wordpress\/wp-json\/wp\/v2\/pages\/39\/revisions"}],"predecessor-version":[{"id":162,"href":"https:\/\/rothemund.de\/wordpress\/wp-json\/wp\/v2\/pages\/39\/revisions\/162"}],"up":[{"embeddable":true,"href":"https:\/\/rothemund.de\/wordpress\/wp-json\/wp\/v2\/pages\/35"}],"wp:attachment":[{"href":"https:\/\/rothemund.de\/wordpress\/wp-json\/wp\/v2\/media?parent=39"}],"curies":[{"name":"wp","href":"https:\/\/api.w.org\/{rel}","templated":true}]}}