{"id":37,"date":"2017-12-22T21:26:32","date_gmt":"2017-12-22T20:26:32","guid":{"rendered":"http:\/\/rothemund.de\/wordpress\/?page_id=37"},"modified":"2018-01-03T10:36:39","modified_gmt":"2018-01-03T09:36:39","slug":"barrierefrei","status":"publish","type":"page","link":"https:\/\/rothemund.de\/wordpress\/dienstleistungen\/bad-wellness\/barrierefrei\/","title":{"rendered":"barrierefrei"},"content":{"rendered":"<div id=\"pl-37\"  class=\"panel-layout\" ><div id=\"pg-37-0\"  class=\"panel-grid panel-no-style\" ><div id=\"pgc-37-0-0\"  class=\"panel-grid-cell\" ><div id=\"panel-37-0-0-0\" class=\"so-panel widget widget_text panel-first-child panel-last-child\" data-index=\"0\" ><h3 class=\"widget-title\">barrierefreies Bad<\/h3>\t\t\t<div class=\"textwidget\"><p>Keine Einschr\u00e4nkungen beim Zugang \u2013 und auch nicht beim Design. Die Zeiten, in denen ein barrierefreies Bad nicht sch\u00f6n sein durfte, sind l\u00e4ngst vorbei. Mit den vielf\u00e4ltigen Angeboten von ELEMENTS gestalten Sie Ihr barrierefreies Traumbad im Handumdrehen. Ob f\u00fcr das Alter oder bei einem Handicap \u2013 hier finden Sie individuelle L\u00f6sungen f\u00fcr absoluten Badkomfort.<\/p>\n<\/div>\n\t\t<\/div><\/div><\/div><div id=\"pg-37-1\"  class=\"panel-grid panel-no-style\" ><div id=\"pgc-37-1-0\"  class=\"panel-grid-cell\" ><div id=\"panel-37-1-0-0\" class=\"so-panel widget widget_text panel-first-child panel-last-child\" data-index=\"1\" ><h3 class=\"widget-title\">barrierefreie Dusche<\/h3>\t\t\t<div class=\"textwidget\"><div class=\"textwidget\">\n<div class=\"vc_tta-panel-body\">\n<div class=\"wpb_text_column wpb_content_element \">\n<div class=\"wpb_wrapper\">\n<p>Ein leichter Einstieg und sicherer Halt sind zwei der typischen Eigenschaften, mit denen barrierefreie Duschwannen die K\u00f6rperpflege f\u00fcr Menschen mit Bewegungseinschr\u00e4nkungen oder Handicap erleichtern. Gut erreichbare Armaturen f\u00fcr Rollstuhlfahrer sind ein weiteres Kriterium f\u00fcr die Auswahl der barrierefreie Duschwannen bei ELEMENTS.<img fetchpriority=\"high\" decoding=\"async\" fetchpriority=\"high\" class=\"size-medium wp-image-151 alignright\" src=\"http:\/\/rothemund.de\/wordpress\/wp-content\/uploads\/2017\/12\/muna-hoesch-768x489-300x191.jpg\" alt=\"\" width=\"300\" height=\"191\" srcset=\"https:\/\/rothemund.de\/wordpress\/wp-content\/uploads\/2017\/12\/muna-hoesch-768x489-300x191.jpg 300w, https:\/\/rothemund.de\/wordpress\/wp-content\/uploads\/2017\/12\/muna-hoesch-768x489.jpg 768w\" sizes=\"(max-width: 300px) 100vw, 300px\" \/><\/p>\n<p>Eine barrierefreie Duschwanne ist mehr als nur die hilfreiche L\u00f6sung f\u00fcr den Fall von Bewegungseinschr\u00e4nkungen. Dank des niedrigen Einstieges er\u00f6ffnen sich auch bei der \u00e4sthetischen Gestaltung des Bades neue M\u00f6glichkeiten \u2013 selbst auf kleinstem Raum. Lassen Sie sich von der Auswahl barrierefreier Duschwannen auf ELEMENTS inspirieren.<\/p>\n<p>Eine barrierefreie Duschwanne kann heute elegant und formsch\u00f6n aussehen. Die barrierefreie Duschwanne Muna vom Markenhersteller Hoesch ist sehr flach und damit sehr komfortabel. Sie erlaubt ein ganz bequemes, m\u00fcheloses Einsteigen. Ihr modernes, betont schlichtes Design l\u00e4sst sich leicht in jede vorhandene Badezimmereinrichtung integrieren und verleiht B\u00e4dern eine exklusive Note. Die Duschwanne Muna ist aufgrund ihrer geringen Au\u00dfenma\u00dfe sowohl f\u00fcr den nachtr\u00e4glichen Einbau in kleine B\u00e4der geeignet, verk\u00f6rpert aber auch die perfekte L\u00f6sung f\u00fcr den modernen offenen \u00dcbergang vom h\u00e4uslichen Spa-Bereich in den Schlafraum. Komfort ist keine Frage des Alters. Wer sein Badezimmer bequem und barrierefrei nutzen m\u00f6chte, muss heute keine Kompromisse mehr beim Design eingehen.<\/p>\n<p>Quelle Bild und Text: <a href=\"http:\/\/elements-show.de\">elements-show.de<\/a><\/p>\n<\/div>\n<\/div>\n<\/div>\n<\/div>\n<\/div>\n\t\t<\/div><\/div><\/div><div id=\"pg-37-2\"  class=\"panel-grid panel-no-style\" ><div id=\"pgc-37-2-0\"  class=\"panel-grid-cell\" ><div id=\"panel-37-2-0-0\" class=\"so-panel widget widget_text panel-first-child panel-last-child\" data-index=\"2\" ><h3 class=\"widget-title\">unterfahrbahre Waschtische<\/h3>\t\t\t<div class=\"textwidget\"><div class=\"textwidget\">\n<div class=\"vc_tta-panel-body\">\n<div class=\"wpb_text_column wpb_content_element \">\n<div class=\"wpb_wrapper\">\n<div class=\"textwidget\">\n<div class=\"vc_tta-panel-body\">\n<div class=\"wpb_text_column wpb_content_element \">\n<div class=\"wpb_wrapper\">\n<p>Optimaler Badkomfort f\u00fcr alle Bed\u00fcrfnisse \u2013 das ist der Anspruch von ELEMENTS. Unsere Auswahl an unterfahrbaren Waschtischen wird Sie davon \u00fcberzeugen, dass die Anspr\u00fcche an barrierfreie Funktionalit\u00e4t mit einer \u00fcberzeugenden Optik und perfektem Komfort Hand in Hand gehen k\u00f6nnen!<img loading=\"lazy\" decoding=\"async\" class=\"size-medium wp-image-152 alignright\" src=\"http:\/\/rothemund.de\/wordpress\/wp-content\/uploads\/2017\/12\/derby-med-care-768x490-300x191.jpg\" alt=\"\" width=\"300\" height=\"191\" srcset=\"https:\/\/rothemund.de\/wordpress\/wp-content\/uploads\/2017\/12\/derby-med-care-768x490-300x191.jpg 300w, https:\/\/rothemund.de\/wordpress\/wp-content\/uploads\/2017\/12\/derby-med-care-768x490.jpg 768w\" sizes=\"(max-width: 300px) 100vw, 300px\" \/><\/p>\n<p>Es gibt nicht den geringsten Grund daf\u00fcr, dass ein rollstuhlgerechter Waschtisch nicht auch sch\u00f6n aussehen k\u00f6nnte. Unsere Auswahl an barrierefreien unterfahrbaren Waschtischen liefert den Beleg. ELEMENTS pr\u00e4sentiert eine Auswahl, die mit Design und Funktionalit\u00e4t \u00fcberzeugt.<\/p>\n<p>Das med care Waschbecken aus der derby med Keramik Serie von Vigour kombiniert barrierefreies Wohnen mit ansprechender, moderner Optik. Der unterfahrbare Waschtisch ist geeignet f\u00fcr die Nutzung mit Rollstuhl und erlaubt durch die konkav gew\u00f6lbte Aussparung ein m\u00f6glichst nahes Heranfahren. Das relativ breite, aber flache Innenbecken des derby med care Waschtisches erleichtert die K\u00f6rperhygiene und erm\u00f6glicht auch die Haarw\u00e4sche im Sitzen. Die Armatur ist nicht im Lieferumfang enthalten.<\/p>\n<p>Quelle Bild und Text: <a href=\"http:\/\/elements-show.de\">elements-show.de<\/a><\/p>\n<\/div>\n<\/div>\n<\/div>\n<\/div>\n<\/div>\n<\/div>\n<\/div>\n<\/div>\n<\/div>\n\t\t<\/div><\/div><\/div><div id=\"pg-37-3\"  class=\"panel-grid panel-no-style\" ><div id=\"pgc-37-3-0\"  class=\"panel-grid-cell\" ><div id=\"panel-37-3-0-0\" class=\"so-panel widget widget_text panel-first-child panel-last-child\" data-index=\"3\" ><h3 class=\"widget-title\">barrierefreie Toiletten<\/h3>\t\t\t<div class=\"textwidget\"><div class=\"textwidget\">\n<div class=\"vc_tta-panel-body\">\n<div class=\"wpb_text_column wpb_content_element \">\n<div class=\"wpb_wrapper\">\n<div class=\"textwidget\">\n<div class=\"vc_tta-panel-body\">\n<div class=\"wpb_text_column wpb_content_element \">\n<div class=\"wpb_wrapper\">\n<div class=\"textwidget\">\n<div class=\"vc_tta-panel-body\">\n<div class=\"wpb_text_column wpb_content_element \">\n<div class=\"wpb_wrapper\">\n<p>Damit Badausstattung als barrierefrei beworben werden darf, muss sie bestimmte Mindestvorgaben nach DIN-Normen erf\u00fcllen. Das reicht nicht, um in die Badausstellung von ELEMENTS zu kommen. Hier \u00fcberzeugen barrierefreie Toiletten auch in Funktionalit\u00e4t, Form und Komfort. <img loading=\"lazy\" decoding=\"async\" class=\"size-medium wp-image-153 alignright\" src=\"http:\/\/rothemund.de\/wordpress\/wp-content\/uploads\/2017\/12\/derby-med-vigour-wc-artikel-dtopmedwwc-768x489-300x191.jpg\" alt=\"\" width=\"300\" height=\"191\" srcset=\"https:\/\/rothemund.de\/wordpress\/wp-content\/uploads\/2017\/12\/derby-med-vigour-wc-artikel-dtopmedwwc-768x489-300x191.jpg 300w, https:\/\/rothemund.de\/wordpress\/wp-content\/uploads\/2017\/12\/derby-med-vigour-wc-artikel-dtopmedwwc-768x489.jpg 768w\" sizes=\"(max-width: 300px) 100vw, 300px\" \/><\/p>\n<p>Menschen mit Handicap haben andere Anspr\u00fcche an eine Toilette als Menschen, die sich ohne Einschr\u00e4nkungen bewegen k\u00f6nnen. Das derby med Wand-Tiefsp\u00fcl-WC von Vigour ist ganz f\u00fcr die Einrichtung eines behindertengerechten barrierefreien Bades ausgelegt. Auch \u00e4ltere Menschen wissen die Vorz\u00fcge eines derby med Wand-Tiefsp\u00fcl-WC von Vigour zu sch\u00e4tzen.<span class=\"s1\"> Auf die besonderen hygienischen Bedingungen in einem Pflege- oder Krankenhausbetrieb ist das derby med Wand-Tiefsp\u00fcl-WC von Vigour durch einen besonders hygienischen, glasierten Sp\u00fclrand bestens vorbereitet. Die Pflege und Reinigung dieses WCs erleichtert die optional erh\u00e4ltliche PflegetectPlus. Dank dieser Versiegelung lassen sich Schmutz und Ablagerungen auf der Keramik besonders leicht entfernen.<br \/>\n<\/span><\/p>\n<p>Quelle Bild und Text: <a href=\"http:\/\/elements-show.de\">elements-show.de<\/a><\/p>\n<\/div>\n<\/div>\n<\/div>\n<\/div>\n<\/div>\n<\/div>\n<\/div>\n<\/div>\n<\/div>\n<\/div>\n<\/div>\n<\/div>\n<\/div>\n\t\t<\/div><\/div><\/div><div id=\"pg-37-4\"  class=\"panel-grid panel-no-style\" ><div id=\"pgc-37-4-0\"  class=\"panel-grid-cell\" ><div id=\"panel-37-4-0-0\" class=\"so-panel widget widget_text panel-first-child panel-last-child\" data-index=\"4\" ><h3 class=\"widget-title\">barrierefreie Badewannen<\/h3>\t\t\t<div class=\"textwidget\"><div class=\"textwidget\">\n<div class=\"vc_tta-panel-body\">\n<div class=\"wpb_text_column wpb_content_element \">\n<div class=\"wpb_wrapper\">\n<div class=\"textwidget\">\n<div class=\"vc_tta-panel-body\">\n<div class=\"wpb_text_column wpb_content_element \">\n<div class=\"wpb_wrapper\">\n<div class=\"textwidget\">\n<div class=\"vc_tta-panel-body\">\n<div class=\"wpb_text_column wpb_content_element \">\n<div class=\"wpb_wrapper\">\n<div class=\"textwidget\">\n<div class=\"vc_tta-panel-body\">\n<div class=\"wpb_text_column wpb_content_element \">\n<div class=\"wpb_wrapper\">\n<p>Einen langen Tag mit einem Wannenbad ausklingen lassen \u2013 f\u00fcr viele Menschen eine Selbstverst\u00e4ndlichkeit. Das gilt nicht bei so manchen k\u00f6rperlichen Handicaps oder altersbedingten Bewegungseinschr\u00e4nkungen, sofern keine barrierefreie Badewanne vorhanden ist. ELEMENTS zeigt Modelle, die in jedes Bad passen und allen erdenklichen Komfort bieten. <img loading=\"lazy\" decoding=\"async\" loading=\"lazy\" class=\"size-medium wp-image-154 alignright\" src=\"http:\/\/rothemund.de\/wordpress\/wp-content\/uploads\/2017\/12\/iris-plus-novellini-768x489-300x191.jpg\" alt=\"\" width=\"300\" height=\"191\" srcset=\"https:\/\/rothemund.de\/wordpress\/wp-content\/uploads\/2017\/12\/iris-plus-novellini-768x489-300x191.jpg 300w, https:\/\/rothemund.de\/wordpress\/wp-content\/uploads\/2017\/12\/iris-plus-novellini-768x489.jpg 768w\" sizes=\"auto, (max-width: 300px) 100vw, 300px\" \/><\/p>\n<p>Eine Behinderung oder Bewegungseinschr\u00e4nkung bedeutet nicht, dass Sie sich mit einer Dusche begn\u00fcgen m\u00fcssen \u2013 oder f\u00fcr das Wannenbad auf Hilfe angewiesen bleiben. ELEMENTS pr\u00e4sentiert barrierefreie Badewannen, die jederzeit auch ohne fremde Hilfe nutzbar sind. Und Sie werden \u00fcberrascht sein, welche Verw\u00f6hnprogramme manch barrierefreie Badewanne zu bieten hat.<\/p>\n<p>Quelle Bild und Text: <a href=\"http:\/\/elements-show.de\">elements-show.de<\/a><\/p>\n<\/div>\n<\/div>\n<\/div>\n<\/div>\n<\/div>\n<\/div>\n<\/div>\n<\/div>\n<\/div>\n<\/div>\n<\/div>\n<\/div>\n<\/div>\n<\/div>\n<\/div>\n<\/div>\n<\/div>\n\t\t<\/div><\/div><\/div><\/div>","protected":false},"excerpt":{"rendered":"<p>Keine Einschr\u00e4nkungen beim Zugang \u2013 und auch nicht beim Design. Die Zeiten, in denen ein barrierefreies Bad nicht sch\u00f6n sein durfte, sind l\u00e4ngst vorbei. Mit den vielf\u00e4ltigen Angeboten von ELEMENTS gestalten Sie Ihr barrierefreies Traumbad im Handumdrehen. Ob f\u00fcr das Alter oder bei einem Handicap \u2013 hier finden Sie individuelle [&hellip;]<\/p>\n","protected":false},"author":1,"featured_media":0,"parent":35,"menu_order":0,"comment_status":"closed","ping_status":"closed","template":"page-templates\/template-page-sidebar.php","meta":{"footnotes":""},"class_list":["post-37","page","type-page","status-publish","hentry"],"_links":{"self":[{"href":"https:\/\/rothemund.de\/wordpress\/wp-json\/wp\/v2\/pages\/37","targetHints":{"allow":["GET"]}}],"collection":[{"href":"https:\/\/rothemund.de\/wordpress\/wp-json\/wp\/v2\/pages"}],"about":[{"href":"https:\/\/rothemund.de\/wordpress\/wp-json\/wp\/v2\/types\/page"}],"author":[{"embeddable":true,"href":"https:\/\/rothemund.de\/wordpress\/wp-json\/wp\/v2\/users\/1"}],"replies":[{"embeddable":true,"href":"https:\/\/rothemund.de\/wordpress\/wp-json\/wp\/v2\/comments?post=37"}],"version-history":[{"count":5,"href":"https:\/\/rothemund.de\/wordpress\/wp-json\/wp\/v2\/pages\/37\/revisions"}],"predecessor-version":[{"id":368,"href":"https:\/\/rothemund.de\/wordpress\/wp-json\/wp\/v2\/pages\/37\/revisions\/368"}],"up":[{"embeddable":true,"href":"https:\/\/rothemund.de\/wordpress\/wp-json\/wp\/v2\/pages\/35"}],"wp:attachment":[{"href":"https:\/\/rothemund.de\/wordpress\/wp-json\/wp\/v2\/media?parent=37"}],"curies":[{"name":"wp","href":"https:\/\/api.w.org\/{rel}","templated":true}]}}