{"id":31,"date":"2017-12-22T21:23:55","date_gmt":"2017-12-22T20:23:55","guid":{"rendered":"http:\/\/rothemund.de\/wordpress\/?page_id=31"},"modified":"2018-05-10T13:10:50","modified_gmt":"2018-05-10T11:10:50","slug":"biomasse","status":"publish","type":"page","link":"https:\/\/rothemund.de\/wordpress\/dienstleistungen\/heizung\/biomasse\/","title":{"rendered":"Biomasse"},"content":{"rendered":"<div id=\"pl-31\"  class=\"panel-layout\" ><div id=\"pg-31-0\"  class=\"panel-grid panel-no-style\" ><div id=\"pgc-31-0-0\"  class=\"panel-grid-cell\" ><div id=\"panel-31-0-0-0\" class=\"so-panel widget widget_text panel-first-child panel-last-child\" data-index=\"0\" ><h3 class=\"widget-title\">Scheitholzkessel S4 Turbo<\/h3>\t\t\t<div class=\"textwidget\"><p>Bef\u00fcllen, anz\u00fcnden, T\u00fcre schlie\u00dfen, heizen. Der St\u00fcckgutkessel f\u00fcr Holz, der S4 Turbo von Fr\u00f6ling bietet ein noch nie da gewesenes Komfort-Paket! Und wer es noch bequemer haben m\u00f6chte, g\u00f6nnt sich die optional erh\u00e4ltliche, automatische Z\u00fcndvorrichtung. <img loading=\"lazy\" decoding=\"async\" class=\"size-medium wp-image-182 alignright\" src=\"http:\/\/rothemund.de\/wordpress\/wp-content\/uploads\/2018\/01\/csm_S4_Turbo_1283d14820-130x300.png\" alt=\"\" width=\"130\" height=\"300\" srcset=\"https:\/\/rothemund.de\/wordpress\/wp-content\/uploads\/2018\/01\/csm_S4_Turbo_1283d14820-130x300.png 130w, https:\/\/rothemund.de\/wordpress\/wp-content\/uploads\/2018\/01\/csm_S4_Turbo_1283d14820.png 200w\" sizes=\"(max-width: 130px) 100vw, 130px\" \/><\/p>\n<p>Fr\u00f6ling hat f\u00fcr den S4 Turbo die bew\u00e4hrte zylindrische Brennkammergeometrie weiterentwickelt und setzt auch hier neue Ma\u00dfst\u00e4be mit Langzeitwirkung. Die robuste Bauweise und der Einsatz von Siliziumkarbid als Werk\u00adstoff f\u00fcr die Hochtemperatur-Brennkammer erm\u00f6glichen eine erstaunlich lange Lebensdauer des St\u00fcckgutkessels.<\/p>\n<p>Das drehzahlgeregelte Saugzuggebl\u00e4se sorgt f\u00fcr eine konstant hochwertige Verbrennung, die Spezial-Schwelgasabsaugung vermeidet auch beim Nachlegen jeglichen Rauchgasaustritt. Durch das serienm\u00e4\u00dfige WOS wird ein vorbildlicher Wirkungsgrad erreicht.<\/p>\n<h5>Pelletseinheit jederzeit nachr\u00fcstbar<\/h5>\n<p>F\u00fcr all jene, die Scheitholz und Pellets verfeuern wollen, bietet Fr\u00f6ling die flexible L\u00f6sung f\u00fcr die Zukunft: Beim Scheitholzkessel S4 Turbo F mit Pelletsflansch kann die Pelletseinheit jederzeit nachger\u00fcstet werden. <a href=\"https:\/\/www.froeling.com\/de\/produkte\/scheitholz\/s4-turbo.html\">mehr\u2026<\/a><\/p>\n<\/div>\n\t\t<\/div><\/div><div id=\"pgc-31-0-1\"  class=\"panel-grid-cell\" ><div id=\"panel-31-0-1-0\" class=\"so-panel widget widget_text panel-first-child panel-last-child\" data-index=\"1\" ><h3 class=\"widget-title\">Fr\u00f6ling Pelletkessel P4<\/h3>\t\t\t<div class=\"textwidget\"><p>Fr\u00f6ling setzt mit dem neuen P4, einer Pelletheizung bis 60 kW, internationale Ma\u00dfst\u00e4be in Sachen Technik und Design. Mit der ausgekl\u00fcgelten, vollautomatischen Funktionsweise bietet dieses neue Produkt aus dem Hause Fr\u00f6ling perfekten Komfort. <img fetchpriority=\"high\" decoding=\"async\" fetchpriority=\"high\" class=\"size-full wp-image-183 alignright\" src=\"http:\/\/rothemund.de\/wordpress\/wp-content\/uploads\/2018\/01\/P4_Pellet.png\" alt=\"\" width=\"200\" height=\"269\" \/><\/p>\n<h5>Vom Niedrigenergie- bis zum Mehrfamilienhaus<\/h5>\n<p>Bei der <a class=\"internal-link\" href=\"https:\/\/www.froeling.com\/de\/heizen-mit-biomasse\/berechnungsprogramme\/heizlastrechner.html\">Bestimmung des W\u00e4rmebedarfs<\/a> spielen vor allem die beheizte Wohnfl\u00e4che und die Bauweise eine ma\u00dfgebliche Rolle. Der P4 wird in acht verschiedenen Leistungsgr\u00f6\u00dfen angeboten und kann mit seinem breiten Leistungsspektrum sowohl in Niedrigenergieh\u00e4usern als auch in Objekten mit gr\u00f6\u00dferem W\u00e4rmebedarf eingesetzt werden. Auch die Einbindung in ein bestehendes Heizungsumfeld ist m\u00f6glich. Das intelligente Regelungsmanagement der Fr\u00f6ling Lambdatronic P 3200 \u00fcbernimmt s\u00e4mtliche Kontrollfunktionen bis hin zur Fern\u00fcberwachung mittels PC oder Handy.<\/p>\n<h5>P4 Pellet mit Brennwerttechnik<\/h5>\n<p>In den Leistungsgr\u00f6\u00dfen\u00a015\u00a0\u2013\u00a060 kW ist der Fr\u00f6ling Pelletskessel P4 auch mit innovativer Brennwerttechnik erh\u00e4ltlich. Wertvolle Energie aus der Abgasluft, welche bisher durch den Kamin ungenutzt entweichen konnte, wird durch ein neues Brennwertger\u00e4t ausgesch\u00f6pft und dem Heizsystem zugef\u00fchrt. Dadurch wird ein Kesselwirkungsgrad von \u00fcber 104 Prozent (Hu) erzielt.<\/p>\n<p>Aufgrund seiner Energieeffizienz ist der Fr\u00f6ling P4 Pellet Tr\u00e4ger des Blauen Engels und des \u00d6sterreichischen Umweltzeichens. <a href=\"https:\/\/www.froeling.com\/de\/produkte\/pellets\/p4-pellet.html\">mehr\u2026<\/a><\/p>\n<\/div>\n\t\t<\/div><\/div><div id=\"pgc-31-0-2\"  class=\"panel-grid-cell\" ><div id=\"panel-31-0-2-0\" class=\"so-panel widget widget_text panel-first-child panel-last-child\" data-index=\"2\" ><h3 class=\"widget-title\">Fr\u00f6ling Kombikessel SP Dual<\/h3>\t\t\t<div class=\"textwidget\"><div class=\"csc-textpic-text\">\n<p>Der Scheitholz- und Pellets-Kombikessel SP Dual kombiniert zwei perfekte Systeme \u2013 in zwei getrennten Brennr\u00e4umen erf\u00fcllt er alle Anforderungen an die Brennstoffe Scheitholz und Pellets. Hohe\u00a0 Wirkungsgrade und hoher Komfort \u2013 niedrige Emissionen und Energiekosten zeichnen den SP Dual aus. Die Z\u00fcndung des Scheitholzes kann automatisch mittels Pelletsbrenner zu jedem beliebigen Zeitpunkt erfolgen. Ist das Scheitholz abgebrannt, wird automatisch mit Pellets <img loading=\"lazy\" decoding=\"async\" class=\"size-full wp-image-184 alignright\" src=\"http:\/\/rothemund.de\/wordpress\/wp-content\/uploads\/2018\/01\/csm_SP_Dual_e682007e69.png\" alt=\"\" width=\"200\" height=\"266\" \/>weitergeheizt. Die Bef\u00fcllung des gro\u00dfz\u00fcgigen Pelletsbeh\u00e4lters erfolgt h\u00e4ndisch oder mit den bew\u00e4hrten Fr\u00f6ling-F\u00f6rdersystemen automatisch.<\/p>\n<h5>Pelletseinheit jederzeit nachr\u00fcstbar<\/h5>\n<p>Wer aktuell nur Scheitholz verfeuern m\u00f6chte, der entscheidet sich f\u00fcr den S4 Turbo mit Pelletsflansch und bleibt so flexibel. Die Pelletseinheit kann dann nach Belieben jederzeit im Nachhinein nachger\u00fcstet werden. <a href=\"https:\/\/www.froeling.com\/de\/produkte\/kombikessel\/sp-dual.html\">mehr\u2026<\/a><\/p>\n<\/div>\n<\/div>\n\t\t<\/div><\/div><\/div><\/div>","protected":false},"excerpt":{"rendered":"<p>Bef\u00fcllen, anz\u00fcnden, T\u00fcre schlie\u00dfen, heizen. Der St\u00fcckgutkessel f\u00fcr Holz, der S4 Turbo von Fr\u00f6ling bietet ein noch nie da gewesenes Komfort-Paket! Und wer es noch bequemer haben m\u00f6chte, g\u00f6nnt sich die optional erh\u00e4ltliche, automatische Z\u00fcndvorrichtung. Fr\u00f6ling hat f\u00fcr den S4 Turbo die bew\u00e4hrte zylindrische Brennkammergeometrie weiterentwickelt und setzt auch hier [&hellip;]<\/p>\n","protected":false},"author":1,"featured_media":0,"parent":21,"menu_order":0,"comment_status":"closed","ping_status":"closed","template":"page-templates\/template-fullwidth.php","meta":{"footnotes":""},"class_list":["post-31","page","type-page","status-publish","hentry"],"_links":{"self":[{"href":"https:\/\/rothemund.de\/wordpress\/wp-json\/wp\/v2\/pages\/31","targetHints":{"allow":["GET"]}}],"collection":[{"href":"https:\/\/rothemund.de\/wordpress\/wp-json\/wp\/v2\/pages"}],"about":[{"href":"https:\/\/rothemund.de\/wordpress\/wp-json\/wp\/v2\/types\/page"}],"author":[{"embeddable":true,"href":"https:\/\/rothemund.de\/wordpress\/wp-json\/wp\/v2\/users\/1"}],"replies":[{"embeddable":true,"href":"https:\/\/rothemund.de\/wordpress\/wp-json\/wp\/v2\/comments?post=31"}],"version-history":[{"count":19,"href":"https:\/\/rothemund.de\/wordpress\/wp-json\/wp\/v2\/pages\/31\/revisions"}],"predecessor-version":[{"id":419,"href":"https:\/\/rothemund.de\/wordpress\/wp-json\/wp\/v2\/pages\/31\/revisions\/419"}],"up":[{"embeddable":true,"href":"https:\/\/rothemund.de\/wordpress\/wp-json\/wp\/v2\/pages\/21"}],"wp:attachment":[{"href":"https:\/\/rothemund.de\/wordpress\/wp-json\/wp\/v2\/media?parent=31"}],"curies":[{"name":"wp","href":"https:\/\/api.w.org\/{rel}","templated":true}]}}