{"id":25,"date":"2017-12-20T22:10:06","date_gmt":"2017-12-20T21:10:06","guid":{"rendered":"http:\/\/rothemund.de\/wordpress\/?page_id=25"},"modified":"2018-01-01T17:47:46","modified_gmt":"2018-01-01T16:47:46","slug":"gaskessel","status":"publish","type":"page","link":"https:\/\/rothemund.de\/wordpress\/dienstleistungen\/heizung\/gaskessel\/","title":{"rendered":"Gaskessel"},"content":{"rendered":"<div id=\"pl-25\"  class=\"panel-layout\" ><div id=\"pg-25-0\"  class=\"panel-grid panel-no-style\" ><div id=\"pgc-25-0-0\"  class=\"panel-grid-cell\" ><div id=\"panel-25-0-0-0\" class=\"so-panel widget widget_text panel-first-child\" data-index=\"0\" ><h3 class=\"widget-title\">Viessmann Vitocrossal 300<\/h3>\t\t\t<div class=\"textwidget\"><p>Der Einsatz eines Brennwertkessels ist bei Neubauten schon fast selbstverst\u00e4ndlich, da sich hier Heizkessel und Heizungsanlage von vornherein optimal aufeinander abstimmen lassen: Gr\u00f6\u00dften Nutzen bringt ein Brennwertkessel beim Einbau in Heizungsanlagen mit niedrigen Heizsystemtemperaturen. Selbst im Zuge einer Modernisierung lassen sich mittels Brennwerttechnik bis zu 30 Prozent der Heizkosten einsparen. <img fetchpriority=\"high\" decoding=\"async\" fetchpriority=\"high\" class=\"size-medium wp-image-227 alignright\" src=\"http:\/\/rothemund.de\/wordpress\/wp-content\/uploads\/2018\/01\/Vitocrossal-300-CU3A-300x169.jpg\" alt=\"\" width=\"300\" height=\"169\" srcset=\"https:\/\/rothemund.de\/wordpress\/wp-content\/uploads\/2018\/01\/Vitocrossal-300-CU3A-300x169.jpg 300w, https:\/\/rothemund.de\/wordpress\/wp-content\/uploads\/2018\/01\/Vitocrossal-300-CU3A-768x432.jpg 768w, https:\/\/rothemund.de\/wordpress\/wp-content\/uploads\/2018\/01\/Vitocrossal-300-CU3A.jpg 882w\" sizes=\"(max-width: 300px) 100vw, 300px\" \/><\/p>\n<p>Der Vitocrossal 300 ist ein Spitzenprodukt unter den bodenstehenden Gas-Brennwertkesseln. Die Kombination des Inox-Crossal-W\u00e4rmetauschers mit dem MatriX-Gasbrenner ist ein Meilenstein in der Viessmann Heiztechnik: Au\u00dfergew\u00f6hnliche Effizienz spart Heizkosten bei gleichzeitig minimalen Schadstoff-Emissionen.<\/p>\n<p>Der Vitocrossal 300 Gas-Brennwertkessel ist f\u00fcr jeden Anwendungsfall die richtige L\u00f6sung \u2013 auch f\u00fcr die Beheizung von Mehrfamilienh\u00e4usern sowie von \u00f6ffentlichen und gewerblichen Geb\u00e4uden.<\/p>\n<div class=\"vi_rich_text\">\n<h2>Ausgereifte Brennwerttechnik<\/h2>\n<p>Der Inox-Crossal-W\u00e4rmetauscher aus Edelstahl bietet f\u00fcr die Brennwertnutzung ideale Voraussetzungen. Die glatte Edelstahlheizfl\u00e4che l\u00e4sst das in der Brennwertnutzung anfallende Kondenswasser einfach nach unten abflie\u00dfen. Das bewirkt in Verbindung mit der glatten Edelstahloberfl\u00e4che einen permanenten Selbstreinigungseffekt \u2013 was den Wirkungsgrad sicherstellt, die Nutzungsdauer erh\u00f6ht und den Wartungsaufwand verringert.<\/p>\n<h2>Intensive Nutzung der Heizgase<\/h2>\n<p>Mit seiner Konstruktion der senkrecht angeordneten W\u00e4rmetauscherfl\u00e4chen nutzt der Vitocrossal 300 die Kondensationsw\u00e4rme seiner Heizgase besonders intensiv aus. Damit betr\u00e4gt der Wirkungsgrad bis zu 98 Prozent.<\/p>\n<p>Quelle: <a href=\"http:\/\/viessmann.de\">viessmann.de<\/a><\/p>\n<\/div>\n<\/div>\n\t\t<\/div><div id=\"panel-25-0-0-1\" class=\"so-panel widget widget_sow-button\" data-index=\"1\" ><div\n\t\t\t\n\t\t\tclass=\"so-widget-sow-button so-widget-sow-button-atom-f54c0409268f-25\"\n\t\t\t\n\t\t><div class=\"ow-button-base ow-button-align-center\"\n>\n\t\t\t<a\n\t\t\t\t\thref=\"http:\/\/rothemund.de\/wordpress\/wp-content\/uploads\/2018\/01\/kpr-w_Vitocrossal_300.pdf\"\n\t\t\t\t\tclass=\"sowb-button ow-icon-placement-left ow-button-hover\" target=\"_blank\" rel=\"noopener noreferrer\" \t>\n\t\t<span>\n\t\t\t\n\t\t\tProspekt Vitocrossal 300 als PDF\t\t<\/span>\n\t\t\t<\/a>\n\t<\/div>\n<\/div><\/div><div id=\"panel-25-0-0-2\" class=\"so-panel widget widget_text panel-last-child\" data-index=\"2\" >\t\t\t<div class=\"textwidget\"><\/div>\n\t\t<\/div><\/div><div id=\"pgc-25-0-1\"  class=\"panel-grid-cell\" ><div id=\"panel-25-0-1-0\" class=\"so-panel widget widget_text panel-first-child\" data-index=\"3\" ><h3 class=\"widget-title\">Viessmann Vitodens 300-W<\/h3>\t\t\t<div class=\"textwidget\"><p>Der Viessmann Vitodens 300-W erf\u00fcllt h\u00f6chste Anspr\u00fcche an eine komfortable W\u00e4rmeversorgung<br \/>\nEine komfortable Regelung macht das Ger\u00e4t jetzt noch effizienter und wirtschaftlicher <img decoding=\"async\" class=\"size-medium wp-image-237 alignright\" src=\"http:\/\/rothemund.de\/wordpress\/wp-content\/uploads\/2018\/01\/Vitodens-300-W-300x169.jpg\" alt=\"\" width=\"300\" height=\"169\" srcset=\"https:\/\/rothemund.de\/wordpress\/wp-content\/uploads\/2018\/01\/Vitodens-300-W-300x169.jpg 300w, https:\/\/rothemund.de\/wordpress\/wp-content\/uploads\/2018\/01\/Vitodens-300-W-768x432.jpg 768w, https:\/\/rothemund.de\/wordpress\/wp-content\/uploads\/2018\/01\/Vitodens-300-W.jpg 882w\" sizes=\"(max-width: 300px) 100vw, 300px\" \/><\/p>\n<h5>Profitieren Sie von diesen Vorteilen<\/h5>\n<ul>\n<li>Norm-Nutzungsgrad: 98 % (Hs)<\/li>\n<li>Modulationsbereich bis zu 1:10<\/li>\n<li>Gro\u00dfer Wasserinhalt, geringe Takth\u00e4ufigkeit auch bei niedriger W\u00e4rmeabnahme<\/li>\n<li>Langlebig und effizient durch Inox-Radial-W\u00e4rmetauscher<\/li>\n<li>MatriX-Gasbrenner mit hoher Nutzungsdauer durch Edelstahl-MatriX-Gewebe \u2013 unempfindlich bei hohen Temperaturen<\/li>\n<li>Lambda Pro Control Verbrennungsregelung f\u00fcr alle Gasarten \u2013 Geb\u00fchreneinsparung durch Verl\u00e4ngerung der \u00dcberpr\u00fcfungsintervalle auf 3 Jahre<\/li>\n<li>Leiser Betrieb durch niedrige Gebl\u00e4sedrehzahl<\/li>\n<li>Hoher Bedienkomfort \u00fcber Farb-Touch-Display mit Klartext- und Grafikanzeige, integrierter L\u00fcftungsbedienung, Inbetriebnahme-Assistenten, Anzeigen f\u00fcr Energieverbr\u00e4uche sowie alternativ Bedienung \u00fcber mobiles Endger\u00e4t<\/li>\n<li>Energie-Cockpit mit Visualisierung von Energieerzeugung\/-verbrauch f\u00fcr Solar und Gas sowie Histogrammen<\/li>\n<li>Internetf\u00e4hig durch Vitoconnect (Zubeh\u00f6r) f\u00fcr Bedienung und Service \u00fcber ViCare App<\/li>\n<li>Optimale Einbindung der Solaranlage mit Anzeige des Ladezustands in Verbindung mit intelligentem Systemspeicher (Vitocell 100-W, CVUC-A)<\/li>\n<li>Automatisierter hydraulischer Abgleich durch Vitoflow 300 m\u00f6glich (f\u00f6rderf\u00e4hig nach KfW)<\/li>\n<li>Energieeffizienzklasse: A<\/li>\n<\/ul>\n<\/div>\n\t\t<\/div><div id=\"panel-25-0-1-1\" class=\"so-panel widget widget_sow-button\" data-index=\"4\" ><div\n\t\t\t\n\t\t\tclass=\"so-widget-sow-button so-widget-sow-button-atom-f54c0409268f-25\"\n\t\t\t\n\t\t><div class=\"ow-button-base ow-button-align-center\"\n>\n\t\t\t<a\n\t\t\t\t\thref=\"http:\/\/rothemund.de\/wordpress\/wp-content\/uploads\/2018\/01\/kpr-w-vitodens_300-W.pdf\"\n\t\t\t\t\tclass=\"sowb-button ow-icon-placement-left ow-button-hover\" target=\"_blank\" rel=\"noopener noreferrer\" \t>\n\t\t<span>\n\t\t\t\n\t\t\tProspekt Vitodens 300 als PDF\t\t<\/span>\n\t\t\t<\/a>\n\t<\/div>\n<\/div><\/div><div id=\"panel-25-0-1-2\" class=\"so-panel widget widget_text panel-last-child\" data-index=\"5\" >\t\t\t<div class=\"textwidget\"><\/div>\n\t\t<\/div><\/div><\/div><div id=\"pg-25-1\"  class=\"panel-grid panel-no-style\" ><div id=\"pgc-25-1-0\"  class=\"panel-grid-cell\" ><div id=\"panel-25-1-0-0\" class=\"so-panel widget widget_text panel-first-child panel-last-child\" data-index=\"6\" >\t\t\t<div class=\"textwidget\"><p>mehr Informationen erhalten Sie unter <a href=\"http:\/\/www.viessmann.de\">www.viessmann.de<\/a><\/p>\n<\/div>\n\t\t<\/div><\/div><\/div><\/div>","protected":false},"excerpt":{"rendered":"<p>Der Einsatz eines Brennwertkessels ist bei Neubauten schon fast selbstverst\u00e4ndlich, da sich hier Heizkessel und Heizungsanlage von vornherein optimal aufeinander abstimmen lassen: Gr\u00f6\u00dften Nutzen bringt ein Brennwertkessel beim Einbau in Heizungsanlagen mit niedrigen Heizsystemtemperaturen. Selbst im Zuge einer Modernisierung lassen sich mittels Brennwerttechnik bis zu 30 Prozent der Heizkosten einsparen. [&hellip;]<\/p>\n","protected":false},"author":1,"featured_media":0,"parent":21,"menu_order":0,"comment_status":"closed","ping_status":"closed","template":"","meta":{"footnotes":""},"class_list":["post-25","page","type-page","status-publish","hentry"],"_links":{"self":[{"href":"https:\/\/rothemund.de\/wordpress\/wp-json\/wp\/v2\/pages\/25","targetHints":{"allow":["GET"]}}],"collection":[{"href":"https:\/\/rothemund.de\/wordpress\/wp-json\/wp\/v2\/pages"}],"about":[{"href":"https:\/\/rothemund.de\/wordpress\/wp-json\/wp\/v2\/types\/page"}],"author":[{"embeddable":true,"href":"https:\/\/rothemund.de\/wordpress\/wp-json\/wp\/v2\/users\/1"}],"replies":[{"embeddable":true,"href":"https:\/\/rothemund.de\/wordpress\/wp-json\/wp\/v2\/comments?post=25"}],"version-history":[{"count":21,"href":"https:\/\/rothemund.de\/wordpress\/wp-json\/wp\/v2\/pages\/25\/revisions"}],"predecessor-version":[{"id":249,"href":"https:\/\/rothemund.de\/wordpress\/wp-json\/wp\/v2\/pages\/25\/revisions\/249"}],"up":[{"embeddable":true,"href":"https:\/\/rothemund.de\/wordpress\/wp-json\/wp\/v2\/pages\/21"}],"wp:attachment":[{"href":"https:\/\/rothemund.de\/wordpress\/wp-json\/wp\/v2\/media?parent=25"}],"curies":[{"name":"wp","href":"https:\/\/api.w.org\/{rel}","templated":true}]}}