{"id":23,"date":"2017-12-20T22:09:50","date_gmt":"2017-12-20T21:09:50","guid":{"rendered":"http:\/\/rothemund.de\/wordpress\/?page_id=23"},"modified":"2018-01-14T14:58:45","modified_gmt":"2018-01-14T13:58:45","slug":"oelkessel","status":"publish","type":"page","link":"https:\/\/rothemund.de\/wordpress\/dienstleistungen\/heizung\/oelkessel\/","title":{"rendered":"\u00d6lkessel"},"content":{"rendered":"<div id=\"pl-23\"  class=\"panel-layout\" ><div id=\"pg-23-0\"  class=\"panel-grid panel-no-style\" ><div id=\"pgc-23-0-0\"  class=\"panel-grid-cell\" ><div id=\"panel-23-0-0-0\" class=\"so-panel widget widget_text panel-first-child\" data-index=\"0\" ><h3 class=\"widget-title\">Viessmann Vitoladens 300-C<\/h3>\t\t\t<div class=\"textwidget\"><p>Die Investition in den Vitoladens 300-C macht sich schon nach wenigen Jahren durch die j\u00e4hrliche Einsparung von wertvollem Heiz\u00f6l bezahlt. Er verbraucht aufgrund seiner hohen Effizienz deutlich weniger Heiz\u00f6l als ein Kessel \u00e4lterer Bauart. Sein Design wurde mit dem red dot design award ausgezeichnet. <img fetchpriority=\"high\" decoding=\"async\" fetchpriority=\"high\" class=\"size-medium wp-image-253 alignright\" src=\"http:\/\/rothemund.de\/wordpress\/wp-content\/uploads\/2018\/01\/Vitoladens-300-C-300x169.jpg\" alt=\"\" width=\"300\" height=\"169\" srcset=\"https:\/\/rothemund.de\/wordpress\/wp-content\/uploads\/2018\/01\/Vitoladens-300-C-300x169.jpg 300w, https:\/\/rothemund.de\/wordpress\/wp-content\/uploads\/2018\/01\/Vitoladens-300-C-768x432.jpg 768w, https:\/\/rothemund.de\/wordpress\/wp-content\/uploads\/2018\/01\/Vitoladens-300-C.jpg 882w\" sizes=\"(max-width: 300px) 100vw, 300px\" \/><\/p>\n<p>Aufgrund kompakter Baugruppen ist er \u00e4u\u00dferst platzsparend und l\u00e4sst sich raumluftunabh\u00e4ngig oder raumluftabh\u00e4ngig betreiben.<\/p>\n<p>Mit den kompakten Abmessungen passt er ebenso in den Hobbykeller wie in den Hauswirtschaftsraum. Damit eignet er sich ideal f\u00fcr die Erneuerung einer Heizung. Im Neubau kann wertvoller Platz f\u00fcr andere Zwecke eingeplant werden.<\/p>\n<\/div>\n\t\t<\/div><div id=\"panel-23-0-0-1\" class=\"so-panel widget widget_sow-button panel-last-child\" data-index=\"1\" ><div\n\t\t\t\n\t\t\tclass=\"so-widget-sow-button so-widget-sow-button-atom-f54c0409268f-23\"\n\t\t\t\n\t\t><div class=\"ow-button-base ow-button-align-center\"\n>\n\t\t\t<a\n\t\t\t\t\thref=\"http:\/\/rothemund.de\/wordpress\/wp-content\/uploads\/2018\/01\/kpr-w_Vitoladens_300-C.pdf\"\n\t\t\t\t\tclass=\"sowb-button ow-icon-placement-left ow-button-hover\" target=\"_blank\" rel=\"noopener noreferrer\" \t>\n\t\t<span>\n\t\t\t\n\t\t\tProspekt Vitoladens 300-C als PDF\t\t<\/span>\n\t\t\t<\/a>\n\t<\/div>\n<\/div><\/div><\/div><\/div><div id=\"pg-23-1\"  class=\"panel-grid panel-no-style\" ><div id=\"pgc-23-1-0\"  class=\"panel-grid-cell\" ><div id=\"panel-23-1-0-0\" class=\"so-panel widget widget_text panel-first-child panel-last-child\" data-index=\"2\" >\t\t\t<div class=\"textwidget\"><\/div>\n\t\t<\/div><\/div><\/div><\/div>","protected":false},"excerpt":{"rendered":"<p>Die Investition in den Vitoladens 300-C macht sich schon nach wenigen Jahren durch die j\u00e4hrliche Einsparung von wertvollem Heiz\u00f6l bezahlt. Er verbraucht aufgrund seiner hohen Effizienz deutlich weniger Heiz\u00f6l als ein Kessel \u00e4lterer Bauart. Sein Design wurde mit dem red dot design award ausgezeichnet. Aufgrund kompakter Baugruppen ist er \u00e4u\u00dferst [&hellip;]<\/p>\n","protected":false},"author":1,"featured_media":0,"parent":21,"menu_order":0,"comment_status":"closed","ping_status":"closed","template":"","meta":{"footnotes":""},"class_list":["post-23","page","type-page","status-publish","hentry"],"_links":{"self":[{"href":"https:\/\/rothemund.de\/wordpress\/wp-json\/wp\/v2\/pages\/23","targetHints":{"allow":["GET"]}}],"collection":[{"href":"https:\/\/rothemund.de\/wordpress\/wp-json\/wp\/v2\/pages"}],"about":[{"href":"https:\/\/rothemund.de\/wordpress\/wp-json\/wp\/v2\/types\/page"}],"author":[{"embeddable":true,"href":"https:\/\/rothemund.de\/wordpress\/wp-json\/wp\/v2\/users\/1"}],"replies":[{"embeddable":true,"href":"https:\/\/rothemund.de\/wordpress\/wp-json\/wp\/v2\/comments?post=23"}],"version-history":[{"count":8,"href":"https:\/\/rothemund.de\/wordpress\/wp-json\/wp\/v2\/pages\/23\/revisions"}],"predecessor-version":[{"id":250,"href":"https:\/\/rothemund.de\/wordpress\/wp-json\/wp\/v2\/pages\/23\/revisions\/250"}],"up":[{"embeddable":true,"href":"https:\/\/rothemund.de\/wordpress\/wp-json\/wp\/v2\/pages\/21"}],"wp:attachment":[{"href":"https:\/\/rothemund.de\/wordpress\/wp-json\/wp\/v2\/media?parent=23"}],"curies":[{"name":"wp","href":"https:\/\/api.w.org\/{rel}","templated":true}]}}