{"id":203,"date":"2018-01-01T14:33:00","date_gmt":"2018-01-01T13:33:00","guid":{"rendered":"http:\/\/rothemund.de\/wordpress\/?page_id=203"},"modified":"2018-05-10T13:08:54","modified_gmt":"2018-05-10T11:08:54","slug":"brennstoffzelle","status":"publish","type":"page","link":"https:\/\/rothemund.de\/wordpress\/dienstleistungen\/heizung\/brennstoffzelle\/","title":{"rendered":"Brennstoffzelle"},"content":{"rendered":"<div id=\"pl-203\"  class=\"panel-layout\" ><div id=\"pg-203-0\"  class=\"panel-grid panel-no-style\" ><div id=\"pgc-203-0-0\"  class=\"panel-grid-cell\" ><div id=\"panel-203-0-0-0\" class=\"so-panel widget widget_text panel-first-child panel-last-child\" data-index=\"0\" >\t\t\t<div class=\"textwidget\"><div class=\"paragraph\"><\/div>\n<div class=\"paragraph\">\n<div class=\"vi_col_9\">\n<div class=\"vi_two_col_content_wrapper\">\n<div class=\"richText templateLib parbase section\">\n<div class=\"vi_rich_text\">\n<h5>Vitovalor 300-P von Viessmann \u2013 mit der Brennstoffzellenheizung Strom und W\u00e4rme gleichzeitig erzeugen<\/h5>\n<h5>Drei Gr\u00fcnde f\u00fcr die Brennstoffzellenheizung<\/h5>\n<ol>\n<li>Schon heute mit der modernsten Technik W\u00e4rme und Strom erzeugen: Setzen Sie auf das zukunftsweisende Heizen mittels Wasserstoff und Erdgas.<\/li>\n<li>Machen Sie sich unabh\u00e4ngiger von steigenden Strompreisen, indem Sie die Brennstoffzelle zur Stromerzeugung nutzen.<\/li>\n<li>Heizen Sie sparsamer und sparen bis zu 40 Prozent Energiekosten durch die effiziente Heizung mit Brennstoffzelle. So sparen Sie langfristig und schonen gleichzeitig das Klima durch geringere CO2-Emissionen! <img decoding=\"async\" class=\"size-medium wp-image-211 alignright\" src=\"http:\/\/rothemund.de\/wordpress\/wp-content\/uploads\/2018\/01\/brennstoffzelle-vitovalor-300-p-300x165.jpg\" alt=\"\" width=\"300\" height=\"165\" srcset=\"https:\/\/rothemund.de\/wordpress\/wp-content\/uploads\/2018\/01\/brennstoffzelle-vitovalor-300-p-300x165.jpg 300w, https:\/\/rothemund.de\/wordpress\/wp-content\/uploads\/2018\/01\/brennstoffzelle-vitovalor-300-p.jpg 654w\" sizes=\"(max-width: 300px) 100vw, 300px\" \/><\/li>\n<\/ol>\n<h2>Viessmann Brennstoffzelle Vitovalor 300-P<\/h2>\n<p>Vitovalor 300-P, die Brennstoffzelle von Viessmann, ist die ideale Energiezentrale f\u00fcr das moderne Einfamilienhaus und Zweifamilienhaus. Das System vereint W\u00e4rme- und Stromerzeugung auf kleinstem Raum. Vitovalor 300-P hat im Vergleich zu bestehenden L\u00f6sungen mit Kraft-W\u00e4rme-Kopplung (KWK) einen deutlich h\u00f6heren elektrischen Wirkungsgrad. Dadurch ist die W\u00e4rmeauskopplung geringer und das Brennstoffzellen-Heizger\u00e4t besonders zum Einsatz im Neubau und renovierten Geb\u00e4udebestand geeignet.<\/p>\n<p>Die Vitovalor 300-P ist die innovative Alternative f\u00fcr eine dezentrale Stromerzeugung. Diese gewinnt vor dem Hintergrund der Energiediskussion und steigender Strompreise eine immer gr\u00f6\u00dfere Bedeutung. Die KWK-Technik wird in Zukunft ein wichtiger Teil der zentralen Stromerzeugung sein.<\/p>\n<h3>Brennstoffzelle f\u00fcr Einfamilienhaus und Zweifamlienhaus<\/h3>\n<p>Vitovalor 300-P bietet mit 25,2 kW gen\u00fcgend thermische Leistung, um den gesamten W\u00e4rmebedarf eines Ein- oder Zweifamilienhauses zu decken &#8211; und das mit einer Aufstellfl\u00e4che von nur 0,65 Quadratmetern. Die im Tagesverlauf maximal produzierte elektrische Energie von 16,5 kWh kann den Grundbedarf eines Haushalts abdecken. Das integrierte Gas-Brennwertger\u00e4t schaltet sich automatisch zu, wenn die W\u00e4rme aus dem Brennstoffzellenmodul nicht ausreicht, etwa in Spitzenzeiten oder wenn innerhalb kurzer Zeit viel warmes Wasser ben\u00f6tigt wird.<\/p>\n<h3>Bew\u00e4hrt und zuverl\u00e4ssig: Technologie von Viessmann und Panasonic<\/h3>\n<p>Wie bei allen Innovationen von Viessmann haben Zuverl\u00e4ssigkeit und Langlebigkeit auch beim neuen Brennstoffzellen-Heizger\u00e4t oberste Priorit\u00e4t. Deshalb wird in dem Mikro-KWK-Ger\u00e4t ein bew\u00e4hrtes Brennstoffzellenmodul von <a href=\"https:\/\/www.viessmann.de\/de\/wohngebaeude\/kraft-waerme-kopplung\/mikro-kwk-brennstoffzelle\/vitovalor-300-p\/panasonic.html\">Panasonic<\/a> eingesetzt. Viessmann hat diese in Japan in \u00fcber 100.000 F\u00e4llen bew\u00e4hrte Brennstoffzelle in ein perfekt abgestimmtes Heizsystem mit Gas-Brennwertger\u00e4t, Warmwasserspeicher und Regelung integriert.<\/p>\n<h3>Denkt f\u00fcr Sie mit: Selbstlernender Energiemanager<\/h3>\n<p>Das Brennstoffzellen-Heizger\u00e4te ist w\u00e4rmegef\u00fchrt und stromoptimiert. Der integrierte Energiemanager ist lernf\u00e4hig und reagiert auf Ihre pers\u00f6nlichen Bed\u00fcrfnisse. Das hei\u00dft: Er schaltet die mit Erdgas und <a href=\"https:\/\/www.viessmann.de\/de\/wohngebaeude\/kraft-waerme-kopplung\/mikro-kwk-brennstoffzelle\/vitovalor-300-p\/wasserstoff.html\">Wasserstoff<\/a> betriebene Heizung erst dann ein, wenn es sich lohnt \u2013 also wenn ausreichend lange Laufzeiten und damit eine entsprechende Stromproduktion und Eigenstromnutzung zu erwarten sind.<\/p>\n<h3>Zus\u00e4tzliche Stromspeicher-Systeme<\/h3>\n<p>Das Viessmann Stromspeicher-System <a href=\"https:\/\/www.viessmann.de\/de\/wohngebaeude\/kraft-waerme-kopplung\/mikro-kwk-brennstoffzelle\/vitocharge.html\">Vitocharge<\/a> steigert die Eigenverbrauchsquote im Haushalt deutlich. Produziert die Brennstoffzellenheizung mehr Strom, als gerade ben\u00f6tigt wird, so wird dieser in der Regel ins Netz eingespeist. Durch die Kombination der Vitovalor 300-P mit dem Stromspeicher-System Vitocharge kann dieser Strom jedoch gespeichert und zu einem sp\u00e4teren Zeitpunkt genutzt werden. So kann der zus\u00e4tzliche Bezug von teurem Netzstrom reduziert werden. Mehr Informationen dazu finden Sie auf der Seite <a href=\"https:\/\/www.viessmann.de\/de\/wohngebaeude\/kraft-waerme-kopplung\/mikro-kwk-brennstoffzelle\/vitovalor-300-p\/energiesysteme.html\">Energiesysteme f\u00fcr die Vitovalor 300-P<\/a>.<\/p>\n<\/div>\n<\/div>\n<\/div>\n<\/div>\n<p><a href=\"https:\/\/www.viessmann.de\/de\/wohngebaeude\/kraft-waerme-kopplung\/mikro-kwk-brennstoffzelle\/vitovalor-300-p.html\">mehr&#8230;<\/a><\/p>\n<p>Quelle: <a href=\"http:\/\/www.viessmann.de\">viessmann.de<\/a><\/p>\n<\/div>\n<\/div>\n\t\t<\/div><\/div><\/div><\/div>","protected":false},"excerpt":{"rendered":"<p>Vitovalor 300-P von Viessmann \u2013 mit der Brennstoffzellenheizung Strom und W\u00e4rme gleichzeitig erzeugen Drei Gr\u00fcnde f\u00fcr die Brennstoffzellenheizung Schon heute mit der modernsten Technik W\u00e4rme und Strom erzeugen: Setzen Sie auf das zukunftsweisende Heizen mittels Wasserstoff und Erdgas. Machen Sie sich unabh\u00e4ngiger von steigenden Strompreisen, indem Sie die Brennstoffzelle zur [&hellip;]<\/p>\n","protected":false},"author":1,"featured_media":0,"parent":21,"menu_order":0,"comment_status":"closed","ping_status":"closed","template":"","meta":{"footnotes":""},"class_list":["post-203","page","type-page","status-publish","hentry"],"_links":{"self":[{"href":"https:\/\/rothemund.de\/wordpress\/wp-json\/wp\/v2\/pages\/203","targetHints":{"allow":["GET"]}}],"collection":[{"href":"https:\/\/rothemund.de\/wordpress\/wp-json\/wp\/v2\/pages"}],"about":[{"href":"https:\/\/rothemund.de\/wordpress\/wp-json\/wp\/v2\/types\/page"}],"author":[{"embeddable":true,"href":"https:\/\/rothemund.de\/wordpress\/wp-json\/wp\/v2\/users\/1"}],"replies":[{"embeddable":true,"href":"https:\/\/rothemund.de\/wordpress\/wp-json\/wp\/v2\/comments?post=203"}],"version-history":[{"count":8,"href":"https:\/\/rothemund.de\/wordpress\/wp-json\/wp\/v2\/pages\/203\/revisions"}],"predecessor-version":[{"id":415,"href":"https:\/\/rothemund.de\/wordpress\/wp-json\/wp\/v2\/pages\/203\/revisions\/415"}],"up":[{"embeddable":true,"href":"https:\/\/rothemund.de\/wordpress\/wp-json\/wp\/v2\/pages\/21"}],"wp:attachment":[{"href":"https:\/\/rothemund.de\/wordpress\/wp-json\/wp\/v2\/media?parent=203"}],"curies":[{"name":"wp","href":"https:\/\/api.w.org\/{rel}","templated":true}]}}