{"id":163,"date":"2017-12-31T13:41:21","date_gmt":"2017-12-31T12:41:21","guid":{"rendered":"http:\/\/rothemund.de\/wordpress\/?page_id=163"},"modified":"2017-12-31T13:53:40","modified_gmt":"2017-12-31T12:53:40","slug":"wartung-kundendienst","status":"publish","type":"page","link":"https:\/\/rothemund.de\/wordpress\/dienstleistungen\/heizung\/wartung-kundendienst\/","title":{"rendered":"Wartung \/ Kundendienst"},"content":{"rendered":"<p><b>Warum ist die j\u00e4hrliche Wartung Ihres Heizger\u00e4tes wichtig ?<br \/>\n<\/b><br \/>\nEine Wartung ist die Bedingung f\u00fcr die Erhaltung der Garantie sowie f\u00fcr eine lange Lebensdauer ihres Heizger\u00e4tes.<\/p>\n<p>Nach erfolgreichem Einbau Ihrer neuen Heizungsanlage betreuen wir Sie gerne weiterhin in Form eines attraktiven Wartungsvertrages. <b>Sprechen Sie mit uns.<\/p>\n<p><\/b>Wir unterbreiten Ihnen gerne ein Angebot.<\/p>\n","protected":false},"excerpt":{"rendered":"<p>Warum ist die j\u00e4hrliche Wartung Ihres Heizger\u00e4tes wichtig ? Eine Wartung ist die Bedingung f\u00fcr die Erhaltung der Garantie sowie f\u00fcr eine lange Lebensdauer ihres Heizger\u00e4tes. Nach erfolgreichem Einbau Ihrer neuen Heizungsanlage betreuen wir Sie gerne weiterhin in Form eines attraktiven Wartungsvertrages. Sprechen Sie mit uns. Wir unterbreiten Ihnen gerne [&hellip;]<\/p>\n","protected":false},"author":1,"featured_media":0,"parent":21,"menu_order":0,"comment_status":"closed","ping_status":"closed","template":"","meta":{"footnotes":""},"class_list":["post-163","page","type-page","status-publish","hentry"],"_links":{"self":[{"href":"https:\/\/rothemund.de\/wordpress\/wp-json\/wp\/v2\/pages\/163","targetHints":{"allow":["GET"]}}],"collection":[{"href":"https:\/\/rothemund.de\/wordpress\/wp-json\/wp\/v2\/pages"}],"about":[{"href":"https:\/\/rothemund.de\/wordpress\/wp-json\/wp\/v2\/types\/page"}],"author":[{"embeddable":true,"href":"https:\/\/rothemund.de\/wordpress\/wp-json\/wp\/v2\/users\/1"}],"replies":[{"embeddable":true,"href":"https:\/\/rothemund.de\/wordpress\/wp-json\/wp\/v2\/comments?post=163"}],"version-history":[{"count":2,"href":"https:\/\/rothemund.de\/wordpress\/wp-json\/wp\/v2\/pages\/163\/revisions"}],"predecessor-version":[{"id":165,"href":"https:\/\/rothemund.de\/wordpress\/wp-json\/wp\/v2\/pages\/163\/revisions\/165"}],"up":[{"embeddable":true,"href":"https:\/\/rothemund.de\/wordpress\/wp-json\/wp\/v2\/pages\/21"}],"wp:attachment":[{"href":"https:\/\/rothemund.de\/wordpress\/wp-json\/wp\/v2\/media?parent=163"}],"curies":[{"name":"wp","href":"https:\/\/api.w.org\/{rel}","templated":true}]}}