{"id":11,"date":"2017-12-20T22:00:22","date_gmt":"2017-12-20T21:00:22","guid":{"rendered":"http:\/\/rothemund.de\/wordpress\/?page_id=11"},"modified":"2025-01-07T13:52:49","modified_gmt":"2025-01-07T12:52:49","slug":"impressum","status":"publish","type":"page","link":"https:\/\/rothemund.de\/wordpress\/impressum\/","title":{"rendered":"Impressum"},"content":{"rendered":"<div id=\"pl-11\"  class=\"panel-layout\" ><div id=\"pg-11-0\"  class=\"panel-grid panel-no-style\" ><div id=\"pgc-11-0-0\"  class=\"panel-grid-cell\" ><div id=\"panel-11-0-0-0\" class=\"so-panel widget widget_sow-editor panel-first-child panel-last-child\" data-index=\"0\" ><div\n\t\t\t\n\t\t\tclass=\"so-widget-sow-editor so-widget-sow-editor-base\"\n\t\t\t\n\t\t><h3 class=\"widget-title\">Impressum<\/h3>\n<div class=\"siteorigin-widget-tinymce textwidget\">\n\t<div class=\"paragraph\">\n<p>Angaben gem\u00e4\u00df \u00a7 5 TMG:<\/p>\n<p style=\"font-weight: 400;\">Pirmanschegg GmbH &amp; Co. KG<\/p>\n<p style=\"font-weight: 400;\">Niederlassung Rothemund<br \/>\npers\u00f6nlich haftende Gesellschafterin: Pirmanschegg Verwaltungs GmbH, Sitz Fuchsm\u00fchl,<br \/>\nGesch\u00e4ftsf\u00fchrer: Dr. Philipp Pirmanschegg, Kurt Pirmanschegg<\/p>\n<p style=\"font-weight: 400;\">Am Graben 7<\/p>\n<p style=\"font-weight: 400;\">95111 Rehau<\/p>\n<p style=\"font-weight: 400;\">Umsatzsteuer ID:\u00a0\u00a0\u00a0\u00a0\u00a0\u00a0\u00a0\u00a0\u00a0\u00a0\u00a0 DE366931267<\/p>\n<p style=\"font-weight: 400;\">Steuernummer: \u00a0\u00a0\u00a0\u00a0\u00a0\u00a0\u00a0\u00a0\u00a0\u00a0\u00a0\u00a0\u00a0\u00a0 254\/172\/50002 \u2013 Finanzamt Waldsassen<\/p>\n<p style=\"font-weight: 400;\">Handelsregister:\u00a0\u00a0\u00a0\u00a0\u00a0\u00a0\u00a0\u00a0\u00a0\u00a0\u00a0\u00a0\u00a0\u00a0 Amtsgericht Weiden i.d.Opf. - HRA 3230<\/p>\n<p>Mail: <a href=\"mailto:info@rothemund.de\">info(at)rothemund.de<\/a><br \/>\nInternet: http:\/\/www.rothemund.de<\/p>\n<p>Verantwortlich f\u00fcr den Inhalt nach \u00a7 55 Abs. 2 RStV.<\/p>\n<p style=\"font-weight: 400;\">Pirmanschegg GmbH &amp; Co. KG<\/p>\n<p style=\"font-weight: 400;\">Niederlassung Rothemund<br \/>\npers\u00f6nlich haftende Gesellschafterin: Pirmanschegg Verwaltungs GmbH, Sitz Fuchsm\u00fchl,<br \/>\nGesch\u00e4ftsf\u00fchrer: Dr. Philipp Pirmanschegg, Kurt Pirmanschegg<\/p>\n<p style=\"font-weight: 400;\">Am Graben 7<\/p>\n<p style=\"font-weight: 400;\">95111 Rehau<\/p>\n<p><strong>Bildmaterial \/ Rechte:<\/strong><br \/>\nBilder unseres Internetauftrittes mit freundlicher Genehmigung unserer Lieferanten.<\/p>\n<p><b>Nutzungs-\/Haftungshinweise:<br \/>\n<\/b>Auf unseren Web-Seiten befinden sich auch Links zu anderen Seiten im Internet. Trotz sorgf\u00e4ltiger inhaltlicher Kontrolle haben wir keinen Einflu\u00df auf die Gestaltung und den Inhalt der Seiten, auf die verlinkt wird. Wir k\u00f6nnen daher auch keine Gew\u00e4hr f\u00fcr die Aktualit\u00e4t, Korrektheit, Vollst\u00e4ndigkeit oder Qualit\u00e4t der dort bereitgestellten Informationen \u00fcbernehmen. F\u00fcr den Inhalt der verlinkten Seiten sind ausschlie\u00dflich deren Betreiber verantwortlich.<\/p>\n<p><b>Copyright:<br \/>\n<\/b>Die Verwendung von Inhalten dieser Internetseiten bed\u00fcrfen der schriftlichen Genehmigung der <b>Fa. Pirmanschegg.<\/b><\/p>\n<\/div>\n<\/div>\n<\/div><\/div><\/div><\/div><\/div>","protected":false},"excerpt":{"rendered":"<p>Angaben gem\u00e4\u00df \u00a7 5 TMG: Pirmanschegg GmbH &amp; Co. KG Niederlassung Rothemund pers\u00f6nlich haftende Gesellschafterin: Pirmanschegg Verwaltungs GmbH, Sitz Fuchsm\u00fchl, Gesch\u00e4ftsf\u00fchrer: Dr. Philipp Pirmanschegg, Kurt Pirmanschegg Am Graben 7 95111 Rehau Umsatzsteuer ID:\u00a0\u00a0\u00a0\u00a0\u00a0\u00a0\u00a0\u00a0\u00a0\u00a0\u00a0 DE366931267 Steuernummer: \u00a0\u00a0\u00a0\u00a0\u00a0\u00a0\u00a0\u00a0\u00a0\u00a0\u00a0\u00a0\u00a0\u00a0 254\/172\/50002 \u2013 Finanzamt Waldsassen Handelsregister:\u00a0\u00a0\u00a0\u00a0\u00a0\u00a0\u00a0\u00a0\u00a0\u00a0\u00a0\u00a0\u00a0\u00a0 Amtsgericht Weiden i.d.Opf. &#8211; HRA 3230 Mail: info(at)rothemund.de Internet: [&hellip;]<\/p>\n","protected":false},"author":1,"featured_media":0,"parent":0,"menu_order":0,"comment_status":"closed","ping_status":"closed","template":"","meta":{"footnotes":""},"class_list":["post-11","page","type-page","status-publish","hentry"],"_links":{"self":[{"href":"https:\/\/rothemund.de\/wordpress\/wp-json\/wp\/v2\/pages\/11","targetHints":{"allow":["GET"]}}],"collection":[{"href":"https:\/\/rothemund.de\/wordpress\/wp-json\/wp\/v2\/pages"}],"about":[{"href":"https:\/\/rothemund.de\/wordpress\/wp-json\/wp\/v2\/types\/page"}],"author":[{"embeddable":true,"href":"https:\/\/rothemund.de\/wordpress\/wp-json\/wp\/v2\/users\/1"}],"replies":[{"embeddable":true,"href":"https:\/\/rothemund.de\/wordpress\/wp-json\/wp\/v2\/comments?post=11"}],"version-history":[{"count":12,"href":"https:\/\/rothemund.de\/wordpress\/wp-json\/wp\/v2\/pages\/11\/revisions"}],"predecessor-version":[{"id":549,"href":"https:\/\/rothemund.de\/wordpress\/wp-json\/wp\/v2\/pages\/11\/revisions\/549"}],"wp:attachment":[{"href":"https:\/\/rothemund.de\/wordpress\/wp-json\/wp\/v2\/media?parent=11"}],"curies":[{"name":"wp","href":"https:\/\/api.w.org\/{rel}","templated":true}]}}